{"id":23698,"date":"2024-07-14T17:20:41","date_gmt":"2024-07-14T22:20:41","guid":{"rendered":"https:\/\/drduany.org\/sobre-zoraida-duany\/"},"modified":"2024-08-08T07:29:37","modified_gmt":"2024-08-08T12:29:37","slug":"sobre-zoraida-duany","status":"publish","type":"page","link":"https:\/\/drduany.org\/es\/sobre-zoraida-duany\/","title":{"rendered":"Sobre Zoraida Duany"},"content":{"rendered":"\t\t<div data-elementor-type=\"wp-page\" data-elementor-id=\"23698\" class=\"elementor elementor-23698 elementor-23585\">\n\t\t\t\t\t\t<section class=\"elementor-section elementor-top-section elementor-element elementor-element-e014181 elementor-section-full_width elementor-section-stretched elementor-section-height-default elementor-section-height-default\" data-id=\"e014181\" data-element_type=\"section\" data-settings=\"{&quot;background_background&quot;:&quot;classic&quot;,&quot;stretch_section&quot;:&quot;section-stretched&quot;}\">\n\t\t\t\t\t\t\t<div class=\"elementor-background-overlay\"><\/div>\n\t\t\t\t\t\t\t<div class=\"elementor-container elementor-column-gap-no\">\n\t\t\t\t\t<div class=\"aux-parallax-section elementor-column elementor-col-100 elementor-top-column elementor-element elementor-element-15f966d\" data-id=\"15f966d\" data-element_type=\"column\">\n\t\t\t<div class=\"elementor-widget-wrap elementor-element-populated\">\n\t\t\t\t\t\t<div class=\"elementor-element elementor-element-3af0949 elementor-widget elementor-widget-spacer\" data-id=\"3af0949\" data-element_type=\"widget\" data-widget_type=\"spacer.default\">\n\t\t\t\t<div class=\"elementor-widget-container\">\n\t\t\t<style>\/*! elementor - v3.23.0 - 05-08-2024 *\/\n.elementor-column .elementor-spacer-inner{height:var(--spacer-size)}.e-con{--container-widget-width:100%}.e-con-inner>.elementor-widget-spacer,.e-con>.elementor-widget-spacer{width:var(--container-widget-width,var(--spacer-size));--align-self:var(--container-widget-align-self,initial);--flex-shrink:0}.e-con-inner>.elementor-widget-spacer>.elementor-widget-container,.e-con>.elementor-widget-spacer>.elementor-widget-container{height:100%;width:100%}.e-con-inner>.elementor-widget-spacer>.elementor-widget-container>.elementor-spacer,.e-con>.elementor-widget-spacer>.elementor-widget-container>.elementor-spacer{height:100%}.e-con-inner>.elementor-widget-spacer>.elementor-widget-container>.elementor-spacer>.elementor-spacer-inner,.e-con>.elementor-widget-spacer>.elementor-widget-container>.elementor-spacer>.elementor-spacer-inner{height:var(--container-widget-height,var(--spacer-size))}.e-con-inner>.elementor-widget-spacer.elementor-widget-empty,.e-con>.elementor-widget-spacer.elementor-widget-empty{position:relative;min-height:22px;min-width:22px}.e-con-inner>.elementor-widget-spacer.elementor-widget-empty .elementor-widget-empty-icon,.e-con>.elementor-widget-spacer.elementor-widget-empty .elementor-widget-empty-icon{position:absolute;top:0;bottom:0;left:0;right:0;margin:auto;padding:0;width:22px;height:22px}<\/style>\t\t<div class=\"elementor-spacer\">\n\t\t\t<div class=\"elementor-spacer-inner\"><\/div>\n\t\t<\/div>\n\t\t\t\t<\/div>\n\t\t\t\t<\/div>\n\t\t\t\t<div class=\"elementor-element elementor-element-ed4e3a3 elementor-widget elementor-widget-aux_modern_heading\" data-id=\"ed4e3a3\" data-element_type=\"widget\" data-widget_type=\"aux_modern_heading.default\">\n\t\t\t\t<div class=\"elementor-widget-container\">\n\t\t\t<section class=\"aux-widget-modern-heading\">\n            <div class=\"aux-widget-inner\"><h1 class=\"aux-modern-heading-primary\">Sobre Zoraida Duany<\/h1><\/div>\n        <\/section>\t\t<\/div>\n\t\t\t\t<\/div>\n\t\t\t\t<div class=\"aux-scroll-anim elementor-element elementor-element-3b28458 aux-shpe-type-rectangle elementor-widget__width-auto elementor-widget elementor-widget-aux_simple_shape\" data-move-in=\"moveHorizontal\" data-move-out=\"moveHorizontal\" data-axis-x=\"20\" data-id=\"3b28458\" data-element_type=\"widget\" data-widget_type=\"aux_simple_shape.default\">\n\t\t\t\t<div class=\"elementor-widget-container\">\n\t\t\t    <div class=\"aux-widget-container aux-simple-shape-container\">\n        <div class=\"aux-widget-container-inner\">\n            <div class=\"aux-the-shape\"><\/div>\n        <\/div>\n    <\/div>\n    \t\t<\/div>\n\t\t\t\t<\/div>\n\t\t\t\t\t<\/div>\n\t\t<\/div>\n\t\t\t\t\t<\/div>\n\t\t<\/section>\n\t\t\t\t<section class=\"elementor-section elementor-top-section elementor-element elementor-element-e2c7ccf elementor-reverse-tablet elementor-reverse-mobile elementor-section-boxed elementor-section-height-default elementor-section-height-default\" data-id=\"e2c7ccf\" data-element_type=\"section\">\n\t\t\t\t\t\t<div class=\"elementor-container elementor-column-gap-no\">\n\t\t\t\t\t<div class=\"aux-parallax-section elementor-column elementor-col-50 elementor-top-column elementor-element elementor-element-968415a\" data-id=\"968415a\" data-element_type=\"column\">\n\t\t\t<div class=\"elementor-widget-wrap elementor-element-populated\">\n\t\t\t\t\t\t<div class=\"elementor-element elementor-element-424b766 elementor-widget elementor-widget-aux_modern_heading\" data-id=\"424b766\" data-element_type=\"widget\" data-widget_type=\"aux_modern_heading.default\">\n\t\t\t\t<div class=\"elementor-widget-container\">\n\t\t\t<section class=\"aux-widget-modern-heading\">\n            <div class=\"aux-widget-inner\"><h2 class=\"aux-modern-heading-primary\"><\/h2><h3 class=\"aux-modern-heading-secondary\"><span class=\"aux-head-before\">Recupera la paz y la felicidad con Zoraida Duany<br><\/span><span class=\"aux-head-highlight\">Consejero de Salud Mental Pasante Registrado<\/span><\/h3><div class=\"aux-modern-heading-divider\"><\/div><\/div>\n        <\/section>\t\t<\/div>\n\t\t\t\t<\/div>\n\t\t\t\t\t<\/div>\n\t\t<\/div>\n\t\t\t\t<div class=\"aux-parallax-section elementor-column elementor-col-50 elementor-top-column elementor-element elementor-element-d4dc3e0\" data-id=\"d4dc3e0\" data-element_type=\"column\">\n\t\t\t<div class=\"elementor-widget-wrap elementor-element-populated\">\n\t\t\t\t\t\t<div class=\"elementor-element elementor-element-e87ca2f elementor-widget elementor-widget-aux_image\" data-id=\"e87ca2f\" data-element_type=\"widget\" data-widget_type=\"aux_image.default\">\n\t\t\t\t<div class=\"elementor-widget-container\">\n\t\t\t<section class=\"widget-container aux-widget-image aux-alignnone aux-parent-au72ddb22e\">\n    <div class=\"aux-media-hint-frame \">\n        <div class=\"aux-media-image \" >\n        \n            \n\n            \n            <img fetchpriority=\"high\" decoding=\"async\" width=\"768\" height=\"768\" src=\"https:\/\/drduany.org\/wp-content\/uploads\/2024\/07\/28-scaled-e1720671419372-768x768.jpg\" class=\"aux-attachment aux-featured-image aux-attachment-id-23590\" alt=\"28\" srcset=\"https:\/\/drduany.org\/wp-content\/uploads\/2024\/07\/28-scaled-e1720671419372-150x150.jpg 150w,https:\/\/drduany.org\/wp-content\/uploads\/2024\/07\/28-scaled-e1720671419372-300x300.jpg 300w,https:\/\/drduany.org\/wp-content\/uploads\/2024\/07\/28-scaled-e1720671419372-768x768.jpg 768w,https:\/\/drduany.org\/wp-content\/uploads\/2024\/07\/28-scaled-e1720671419372-1024x1024.jpg 1024w,https:\/\/drduany.org\/wp-content\/uploads\/2024\/07\/28-scaled-e1720671419372-768x768.jpg 768w\" data-ratio=\"1\" data-original-w=\"1651\" sizes=\"(max-width:479px) 480px,(max-width:767px) 768px,(max-width:1023px) 1024px,768px\" \/>            \n                <\/div>\n    <\/div>\n\n<\/section><!-- widget-container -->\t\t<\/div>\n\t\t\t\t<\/div>\n\t\t\t\t\t<\/div>\n\t\t<\/div>\n\t\t\t\t\t<\/div>\n\t\t<\/section>\n\t\t\t\t<section class=\"elementor-section elementor-top-section elementor-element elementor-element-4f6ca8e elementor-section-boxed elementor-section-height-default elementor-section-height-default\" data-id=\"4f6ca8e\" data-element_type=\"section\">\n\t\t\t\t\t\t<div class=\"elementor-container elementor-column-gap-no\">\n\t\t\t\t\t<div class=\"aux-parallax-section elementor-column elementor-col-100 elementor-top-column elementor-element elementor-element-4635fcf\" data-id=\"4635fcf\" data-element_type=\"column\">\n\t\t\t<div class=\"elementor-widget-wrap elementor-element-populated\">\n\t\t\t\t\t\t<div class=\"elementor-element elementor-element-f84a87e aux-shpe-type-rectangle elementor-widget__width-auto elementor-invisible elementor-widget elementor-widget-aux_simple_shape\" data-id=\"f84a87e\" data-element_type=\"widget\" data-settings=\"{&quot;_animation&quot;:&quot;slideInRight&quot;}\" data-widget_type=\"aux_simple_shape.default\">\n\t\t\t\t<div class=\"elementor-widget-container\">\n\t\t\t    <div class=\"aux-widget-container aux-simple-shape-container\">\n        <div class=\"aux-widget-container-inner\">\n            <div class=\"aux-the-shape\"><\/div>\n        <\/div>\n    <\/div>\n    \t\t<\/div>\n\t\t\t\t<\/div>\n\t\t\t\t<section class=\"elementor-section elementor-inner-section elementor-element elementor-element-889e9e6 elementor-section-content-middle elementor-section-boxed elementor-section-height-default elementor-section-height-default\" data-id=\"889e9e6\" data-element_type=\"section\">\n\t\t\t\t\t\t<div class=\"elementor-container elementor-column-gap-no\">\n\t\t\t\t\t<div class=\"aux-parallax-section elementor-column elementor-col-100 elementor-inner-column elementor-element elementor-element-145eaec\" data-id=\"145eaec\" data-element_type=\"column\">\n\t\t\t<div class=\"elementor-widget-wrap elementor-element-populated\">\n\t\t\t\t\t\t<div class=\"elementor-element elementor-element-950a6e1 elementor-widget elementor-widget-aux_modern_heading\" data-id=\"950a6e1\" data-element_type=\"widget\" data-widget_type=\"aux_modern_heading.default\">\n\t\t\t\t<div class=\"elementor-widget-container\">\n\t\t\t<section class=\"aux-widget-modern-heading\">\n            <div class=\"aux-widget-inner\"><h2 class=\"aux-modern-heading-primary\"><\/h2><h3 class=\"aux-modern-heading-secondary\"><span class=\"aux-head-highlight\">Mis antecedentes<\/span><\/h3><div class=\"aux-modern-heading-divider\"><\/div><\/div>\n        <\/section>\t\t<\/div>\n\t\t\t\t<\/div>\n\t\t\t\t<div class=\"elementor-element elementor-element-148bc72 elementor-widget__width-initial elementor-widget elementor-widget-aux_modern_heading\" data-id=\"148bc72\" data-element_type=\"widget\" data-widget_type=\"aux_modern_heading.default\">\n\t\t\t\t<div class=\"elementor-widget-container\">\n\t\t\t<section class=\"aux-widget-modern-heading\">\n            <div class=\"aux-widget-inner\"><h5 class=\"aux-modern-heading-primary\"><\/h5><div class=\"aux-modern-heading-description\"><p>Como cofundadora de ZODU Group Corp, combino mi pasi\u00f3n por la educaci\u00f3n con mi compromiso con la salud mental.<\/p>\n<p>Mi incesante b\u00fasqueda del conocimiento me llev\u00f3 a obtener un M\u00e1ster en Salud Mental por la prestigiosa Universidad Atl\u00e1ntica de Palm Beach en 2022.<\/p>\n<p>Actualmente estoy ampliando a\u00fan m\u00e1s mis horizontes acad\u00e9micos con un segundo m\u00e1ster para convertirme en analista del comportamiento.<\/p>\n<\/div><\/div>\n        <\/section>\t\t<\/div>\n\t\t\t\t<\/div>\n\t\t\t\t\t<\/div>\n\t\t<\/div>\n\t\t\t\t\t<\/div>\n\t\t<\/section>\n\t\t\t\t<section class=\"elementor-section elementor-inner-section elementor-element elementor-element-647bb9c elementor-section-content-middle elementor-section-boxed elementor-section-height-default elementor-section-height-default\" data-id=\"647bb9c\" data-element_type=\"section\">\n\t\t\t\t\t\t<div class=\"elementor-container elementor-column-gap-no\">\n\t\t\t\t\t<div class=\"aux-parallax-section elementor-column elementor-col-100 elementor-inner-column elementor-element elementor-element-261e46a\" data-id=\"261e46a\" data-element_type=\"column\">\n\t\t\t<div class=\"elementor-widget-wrap elementor-element-populated\">\n\t\t\t\t\t\t<div class=\"elementor-element elementor-element-a34a11c elementor-widget elementor-widget-aux_modern_heading\" data-id=\"a34a11c\" data-element_type=\"widget\" data-widget_type=\"aux_modern_heading.default\">\n\t\t\t\t<div class=\"elementor-widget-container\">\n\t\t\t<section class=\"aux-widget-modern-heading\">\n            <div class=\"aux-widget-inner\"><h2 class=\"aux-modern-heading-primary\"><\/h2><h3 class=\"aux-modern-heading-secondary\"><span class=\"aux-head-highlight\">Educadora y Defensora de la Salud Mental<\/span><\/h3><div class=\"aux-modern-heading-divider\"><\/div><\/div>\n        <\/section>\t\t<\/div>\n\t\t\t\t<\/div>\n\t\t\t\t<div class=\"elementor-element elementor-element-1d7ba33 elementor-widget__width-initial elementor-widget elementor-widget-aux_modern_heading\" data-id=\"1d7ba33\" data-element_type=\"widget\" data-widget_type=\"aux_modern_heading.default\">\n\t\t\t\t<div class=\"elementor-widget-container\">\n\t\t\t<section class=\"aux-widget-modern-heading\">\n            <div class=\"aux-widget-inner\"><h5 class=\"aux-modern-heading-primary\"><\/h5><div class=\"aux-modern-heading-description\"><p>Con m\u00e1s de dos d\u00e9cadas dedicadas a promover el aprendizaje y el bienestar humano, he influido profundamente en la vida de innumerables alumnos a trav\u00e9s de mi labor docente en Nueva Jersey y Florida.<\/p>\n<p>En mi funci\u00f3n de asesora de salud mental registrada en Florida, he abogado por una mayor comprensi\u00f3n y empat\u00eda hacia los problemas de salud mental.<\/p>\n<p>Tambi\u00e9n he trabajado incansablemente para reducir el estigma que rodea a estas afecciones y mejorar la calidad de vida de mis pacientes.<\/p>\n<p>Con mi dedicaci\u00f3n inquebrantable y mis importantes contribuciones como educadora y defensora de la salud mental, sigo siendo una luz que gu\u00eda a la comunidad de la salud mental, preparada para influir e inspirar durante muchos a\u00f1os.<\/p>\n<\/div><\/div>\n        <\/section>\t\t<\/div>\n\t\t\t\t<\/div>\n\t\t\t\t\t<\/div>\n\t\t<\/div>\n\t\t\t\t\t<\/div>\n\t\t<\/section>\n\t\t\t\t\t<\/div>\n\t\t<\/div>\n\t\t\t\t\t<\/div>\n\t\t<\/section>\n\t\t\t\t<\/div>\n\t\t","protected":false},"excerpt":{"rendered":"<p>Sobre Zoraida Duany Recupera la paz y la felicidad con Zoraida DuanyConsejero de Salud Mental Pasante Registrado Mis antecedentes Como cofundadora de ZODU Group Corp, combino mi pasi\u00f3n por la educaci\u00f3n con mi compromiso con la salud mental. Mi incesante b\u00fasqueda del conocimiento me llev\u00f3 a obtener un M\u00e1ster en Salud Mental por la prestigiosa [&hellip;]<\/p>\n","protected":false},"author":24,"featured_media":0,"parent":0,"menu_order":0,"comment_status":"closed","ping_status":"closed","template":"templates\/page-builder-content.php","meta":{"_exactmetrics_skip_tracking":false,"_exactmetrics_sitenote_active":false,"_exactmetrics_sitenote_note":"","_exactmetrics_sitenote_category":0},"yst_prominent_words":[657,584,2132,811,651],"_links":{"self":[{"href":"https:\/\/drduany.org\/es\/wp-json\/wp\/v2\/pages\/23698"}],"collection":[{"href":"https:\/\/drduany.org\/es\/wp-json\/wp\/v2\/pages"}],"about":[{"href":"https:\/\/drduany.org\/es\/wp-json\/wp\/v2\/types\/page"}],"author":[{"embeddable":true,"href":"https:\/\/drduany.org\/es\/wp-json\/wp\/v2\/users\/24"}],"replies":[{"embeddable":true,"href":"https:\/\/drduany.org\/es\/wp-json\/wp\/v2\/comments?post=23698"}],"version-history":[{"count":4,"href":"https:\/\/drduany.org\/es\/wp-json\/wp\/v2\/pages\/23698\/revisions"}],"predecessor-version":[{"id":24157,"href":"https:\/\/drduany.org\/es\/wp-json\/wp\/v2\/pages\/23698\/revisions\/24157"}],"wp:attachment":[{"href":"https:\/\/drduany.org\/es\/wp-json\/wp\/v2\/media?parent=23698"}],"wp:term":[{"taxonomy":"yst_prominent_words","embeddable":true,"href":"https:\/\/drduany.org\/es\/wp-json\/wp\/v2\/yst_prominent_words?post=23698"}],"curies":[{"name":"wp","href":"https:\/\/api.w.org\/{rel}","templated":true}]}}