{"id":23692,"date":"2024-07-14T17:19:03","date_gmt":"2024-07-14T22:19:03","guid":{"rendered":"https:\/\/drduany.org\/sobre-efrain-duany-lmft\/"},"modified":"2024-08-08T07:28:44","modified_gmt":"2024-08-08T12:28:44","slug":"sobre-efrain-duany-lmft","status":"publish","type":"page","link":"https:\/\/drduany.org\/es\/sobre-efrain-duany-lmft\/","title":{"rendered":"Sobre Efra\u00edn Duany, LMFT"},"content":{"rendered":"\t\t<div data-elementor-type=\"wp-page\" data-elementor-id=\"23692\" class=\"elementor elementor-23692 elementor-23529\">\n\t\t\t\t\t\t<section class=\"elementor-section elementor-top-section elementor-element elementor-element-8ad4109 elementor-section-full_width elementor-section-stretched elementor-section-height-default elementor-section-height-default\" data-id=\"8ad4109\" data-element_type=\"section\" data-settings=\"{&quot;background_background&quot;:&quot;classic&quot;,&quot;stretch_section&quot;:&quot;section-stretched&quot;}\">\n\t\t\t\t\t\t\t<div class=\"elementor-background-overlay\"><\/div>\n\t\t\t\t\t\t\t<div class=\"elementor-container elementor-column-gap-no\">\n\t\t\t\t\t<div class=\"aux-parallax-section elementor-column elementor-col-100 elementor-top-column elementor-element elementor-element-d6985c1\" data-id=\"d6985c1\" data-element_type=\"column\">\n\t\t\t<div class=\"elementor-widget-wrap elementor-element-populated\">\n\t\t\t\t\t\t<div class=\"elementor-element elementor-element-a5f1257 elementor-widget elementor-widget-spacer\" data-id=\"a5f1257\" data-element_type=\"widget\" data-widget_type=\"spacer.default\">\n\t\t\t\t<div class=\"elementor-widget-container\">\n\t\t\t<style>\/*! elementor - v3.23.0 - 05-08-2024 *\/\n.elementor-column .elementor-spacer-inner{height:var(--spacer-size)}.e-con{--container-widget-width:100%}.e-con-inner>.elementor-widget-spacer,.e-con>.elementor-widget-spacer{width:var(--container-widget-width,var(--spacer-size));--align-self:var(--container-widget-align-self,initial);--flex-shrink:0}.e-con-inner>.elementor-widget-spacer>.elementor-widget-container,.e-con>.elementor-widget-spacer>.elementor-widget-container{height:100%;width:100%}.e-con-inner>.elementor-widget-spacer>.elementor-widget-container>.elementor-spacer,.e-con>.elementor-widget-spacer>.elementor-widget-container>.elementor-spacer{height:100%}.e-con-inner>.elementor-widget-spacer>.elementor-widget-container>.elementor-spacer>.elementor-spacer-inner,.e-con>.elementor-widget-spacer>.elementor-widget-container>.elementor-spacer>.elementor-spacer-inner{height:var(--container-widget-height,var(--spacer-size))}.e-con-inner>.elementor-widget-spacer.elementor-widget-empty,.e-con>.elementor-widget-spacer.elementor-widget-empty{position:relative;min-height:22px;min-width:22px}.e-con-inner>.elementor-widget-spacer.elementor-widget-empty .elementor-widget-empty-icon,.e-con>.elementor-widget-spacer.elementor-widget-empty .elementor-widget-empty-icon{position:absolute;top:0;bottom:0;left:0;right:0;margin:auto;padding:0;width:22px;height:22px}<\/style>\t\t<div class=\"elementor-spacer\">\n\t\t\t<div class=\"elementor-spacer-inner\"><\/div>\n\t\t<\/div>\n\t\t\t\t<\/div>\n\t\t\t\t<\/div>\n\t\t\t\t<div class=\"elementor-element elementor-element-9488159 elementor-widget elementor-widget-aux_modern_heading\" data-id=\"9488159\" data-element_type=\"widget\" data-widget_type=\"aux_modern_heading.default\">\n\t\t\t\t<div class=\"elementor-widget-container\">\n\t\t\t<section class=\"aux-widget-modern-heading\">\n            <div class=\"aux-widget-inner\"><h1 class=\"aux-modern-heading-primary\">Sobre Efra\u00edn Duany, LMFT<\/h1><\/div>\n        <\/section>\t\t<\/div>\n\t\t\t\t<\/div>\n\t\t\t\t<div class=\"aux-scroll-anim elementor-element elementor-element-ee0fc07 aux-shpe-type-rectangle elementor-widget__width-auto elementor-widget elementor-widget-aux_simple_shape\" data-move-in=\"moveHorizontal\" data-move-out=\"moveHorizontal\" data-axis-x=\"20\" data-id=\"ee0fc07\" data-element_type=\"widget\" data-widget_type=\"aux_simple_shape.default\">\n\t\t\t\t<div class=\"elementor-widget-container\">\n\t\t\t    <div class=\"aux-widget-container aux-simple-shape-container\">\n        <div class=\"aux-widget-container-inner\">\n            <div class=\"aux-the-shape\"><\/div>\n        <\/div>\n    <\/div>\n    \t\t<\/div>\n\t\t\t\t<\/div>\n\t\t\t\t\t<\/div>\n\t\t<\/div>\n\t\t\t\t\t<\/div>\n\t\t<\/section>\n\t\t\t\t<section class=\"elementor-section elementor-top-section elementor-element elementor-element-2237f7b elementor-reverse-tablet elementor-reverse-mobile elementor-section-boxed elementor-section-height-default elementor-section-height-default\" data-id=\"2237f7b\" data-element_type=\"section\">\n\t\t\t\t\t\t<div class=\"elementor-container elementor-column-gap-no\">\n\t\t\t\t\t<div class=\"aux-parallax-section elementor-column elementor-col-50 elementor-top-column elementor-element elementor-element-3b479dd\" data-id=\"3b479dd\" data-element_type=\"column\">\n\t\t\t<div class=\"elementor-widget-wrap elementor-element-populated\">\n\t\t\t\t\t\t<div class=\"elementor-element elementor-element-e2d3ac0 elementor-widget elementor-widget-aux_modern_heading\" data-id=\"e2d3ac0\" data-element_type=\"widget\" data-widget_type=\"aux_modern_heading.default\">\n\t\t\t\t<div class=\"elementor-widget-container\">\n\t\t\t<section class=\"aux-widget-modern-heading\">\n            <div class=\"aux-widget-inner\"><h2 class=\"aux-modern-heading-primary\"><\/h2><h3 class=\"aux-modern-heading-secondary\"><span class=\"aux-head-before\">Recupera tu paz y felicidad con <br><\/span><span class=\"aux-head-highlight\">Dr. Efrain Duany, LMFT<\/span><\/h3><div class=\"aux-modern-heading-divider\"><\/div><\/div>\n        <\/section>\t\t<\/div>\n\t\t\t\t<\/div>\n\t\t\t\t<div class=\"elementor-element elementor-element-5871c48 elementor-widget elementor-widget-aux_modern_heading\" data-id=\"5871c48\" data-element_type=\"widget\" data-widget_type=\"aux_modern_heading.default\">\n\t\t\t\t<div class=\"elementor-widget-container\">\n\t\t\t<section class=\"aux-widget-modern-heading\">\n            <div class=\"aux-widget-inner\"><h5 class=\"aux-modern-heading-primary\">Liderando el bienestar hol\u00edstico<\/h5><div class=\"aux-modern-heading-description\"><p>Como fundador de ZODU, me dedico a promover el bienestar hol\u00edstico en las dimensiones f\u00edsica, emocional, social y espiritual.<\/p><p>Mi compromiso con un modelo de bienestar integral garantiza que cada parte de nuestro servicio contribuya a nutrir a la persona en su totalidad.<\/p><p>Mi trabajo en la comunidad y fuera de ella ejemplifica nuestra creencia de que el verdadero bienestar se consigue a trav\u00e9s de soluciones asistenciales accesibles\u00a0e\u00a0integradas.<\/p><\/div><\/div>\n        <\/section>\t\t<\/div>\n\t\t\t\t<\/div>\n\t\t\t\t<div class=\"elementor-element elementor-element-70eb422 elementor-widget__width-auto elementor-widget-mobile__width-inherit elementor-widget elementor-widget-aux_text\" data-id=\"70eb422\" data-element_type=\"widget\" data-widget_type=\"aux_text.default\">\n\t\t\t\t<div class=\"elementor-widget-container\">\n\t\t\t<section class=\"widget-container aux-widget-text aux-parent-aufa573e05\">        <div class=\"aux-widget-advanced-text aux-wrap-style-simple aux-ico-pos-top aux-text-left aux-text-resp- aux-text-color-dark aux-text-widget-bg-center aux-text-no-content \" >\n        \n                            <div class=\"aux-text-widget-header \"  >\n                        <div class=\"aux-ico-box aux-ico-large aux-img-box aux-ico-shape-default aux-ico-clear \">\n                                                                <img decoding=\"async\" width=\"168\" height=\"50\" src=\"https:\/\/drduany.org\/wp-content\/uploads\/2020\/11\/logo-web2.png\" class=\"aux-attachment aux-featured-image aux-attachment-id-15303\" alt=\"logo-web2\" srcset=\"https:\/\/drduany.org\/wp-content\/uploads\/2020\/11\/logo-web2-150x50.png 150w,https:\/\/drduany.org\/wp-content\/uploads\/2020\/11\/logo-web2.png 168w\" data-ratio=\"1\" data-original-w=\"168\" \/>                                                    <\/div>\n                <\/div>\n            \n            <div class=\"aux-text-inner aux-text-widget-content\">\n                            <\/div>\n        <\/div>\n                    <div class=\"aux-text-widget-footer\">\n                <div class=\"aux-border-shape-none \">\n                                <\/div>\n            <\/div>\n        \n<\/section><!-- widget-container -->\t\t<\/div>\n\t\t\t\t<\/div>\n\t\t\t\t\t<\/div>\n\t\t<\/div>\n\t\t\t\t<div class=\"aux-parallax-section elementor-column elementor-col-50 elementor-top-column elementor-element elementor-element-dfceb62\" data-id=\"dfceb62\" data-element_type=\"column\">\n\t\t\t<div class=\"elementor-widget-wrap elementor-element-populated\">\n\t\t\t\t\t\t<div class=\"elementor-element elementor-element-a49cdf8 elementor-widget elementor-widget-aux_image\" data-id=\"a49cdf8\" data-element_type=\"widget\" data-widget_type=\"aux_image.default\">\n\t\t\t\t<div class=\"elementor-widget-container\">\n\t\t\t<section class=\"widget-container aux-widget-image aux-alignnone aux-parent-auc04e6a3f\">\n    <div class=\"aux-media-hint-frame \">\n        <div class=\"aux-media-image \" >\n        \n            \n\n            \n            <img fetchpriority=\"high\" decoding=\"async\" width=\"768\" height=\"768\" src=\"https:\/\/drduany.org\/wp-content\/uploads\/2023\/01\/36-768x768.jpg\" class=\"aux-attachment aux-featured-image aux-attachment-id-18601\" alt=\"36\" srcset=\"https:\/\/drduany.org\/wp-content\/uploads\/2023\/01\/36-150x150.jpg 150w,https:\/\/drduany.org\/wp-content\/uploads\/2023\/01\/36-300x300.jpg 300w,https:\/\/drduany.org\/wp-content\/uploads\/2023\/01\/36-768x768.jpg 768w,https:\/\/drduany.org\/wp-content\/uploads\/2023\/01\/36-1024x1024.jpg 1024w,https:\/\/drduany.org\/wp-content\/uploads\/2023\/01\/36-768x768.jpg 768w\" data-ratio=\"1\" data-original-w=\"2560\" sizes=\"(max-width:479px) 480px,(max-width:767px) 768px,(max-width:1023px) 1024px,768px\" \/>            \n                <\/div>\n    <\/div>\n\n<\/section><!-- widget-container -->\t\t<\/div>\n\t\t\t\t<\/div>\n\t\t\t\t\t<\/div>\n\t\t<\/div>\n\t\t\t\t\t<\/div>\n\t\t<\/section>\n\t\t\t\t<section class=\"elementor-section elementor-top-section elementor-element elementor-element-55bbaf9 elementor-section-boxed elementor-section-height-default elementor-section-height-default\" data-id=\"55bbaf9\" data-element_type=\"section\">\n\t\t\t\t\t\t<div class=\"elementor-container elementor-column-gap-no\">\n\t\t\t\t\t<div class=\"aux-parallax-section elementor-column elementor-col-100 elementor-top-column elementor-element elementor-element-179219f\" data-id=\"179219f\" data-element_type=\"column\">\n\t\t\t<div class=\"elementor-widget-wrap elementor-element-populated\">\n\t\t\t\t\t\t<div class=\"elementor-element elementor-element-5981223 aux-shpe-type-rectangle elementor-widget__width-auto elementor-invisible elementor-widget elementor-widget-aux_simple_shape\" data-id=\"5981223\" data-element_type=\"widget\" data-settings=\"{&quot;_animation&quot;:&quot;slideInRight&quot;}\" data-widget_type=\"aux_simple_shape.default\">\n\t\t\t\t<div class=\"elementor-widget-container\">\n\t\t\t    <div class=\"aux-widget-container aux-simple-shape-container\">\n        <div class=\"aux-widget-container-inner\">\n            <div class=\"aux-the-shape\"><\/div>\n        <\/div>\n    <\/div>\n    \t\t<\/div>\n\t\t\t\t<\/div>\n\t\t\t\t<section class=\"elementor-section elementor-inner-section elementor-element elementor-element-32f5816 elementor-section-content-middle elementor-section-boxed elementor-section-height-default elementor-section-height-default\" data-id=\"32f5816\" data-element_type=\"section\">\n\t\t\t\t\t\t<div class=\"elementor-container elementor-column-gap-no\">\n\t\t\t\t\t<div class=\"aux-parallax-section elementor-column elementor-col-50 elementor-inner-column elementor-element elementor-element-d9203bb\" data-id=\"d9203bb\" data-element_type=\"column\">\n\t\t\t<div class=\"elementor-widget-wrap elementor-element-populated\">\n\t\t\t\t\t\t<div class=\"aux-scroll-anim elementor-element elementor-element-61faeb1 elementor-widget elementor-widget-aux_image\" data-move-in=\"moveHorizontal\" data-move-out=\"moveHorizontal\" data-axis-x=\"15\" data-id=\"61faeb1\" data-element_type=\"widget\" data-widget_type=\"aux_image.default\">\n\t\t\t\t<div class=\"elementor-widget-container\">\n\t\t\t<section class=\"widget-container aux-widget-image aux-alignnone aux-parent-au66d7e667\">\n    <div class=\"aux-media-hint-frame \">\n        <div class=\"aux-media-image \" >\n        \n            \n\n            \n            <img decoding=\"async\" width=\"687\" height=\"614\" src=\"https:\/\/drduany.org\/wp-content\/uploads\/2023\/01\/About-Duany-Jr.png\" class=\"aux-attachment aux-featured-image aux-attachment-id-18547\" alt=\"About Duany Jr\" data-ratio=\"1.12\" data-original-w=\"687\" \/>            \n                <\/div>\n    <\/div>\n\n<\/section><!-- widget-container -->\t\t<\/div>\n\t\t\t\t<\/div>\n\t\t\t\t\t<\/div>\n\t\t<\/div>\n\t\t\t\t<div class=\"aux-parallax-section elementor-column elementor-col-50 elementor-inner-column elementor-element elementor-element-b811323\" data-id=\"b811323\" data-element_type=\"column\">\n\t\t\t<div class=\"elementor-widget-wrap elementor-element-populated\">\n\t\t\t\t\t\t<div class=\"elementor-element elementor-element-0f31e4e elementor-widget elementor-widget-aux_modern_heading\" data-id=\"0f31e4e\" data-element_type=\"widget\" data-widget_type=\"aux_modern_heading.default\">\n\t\t\t\t<div class=\"elementor-widget-container\">\n\t\t\t<section class=\"aux-widget-modern-heading\">\n            <div class=\"aux-widget-inner\"><h2 class=\"aux-modern-heading-primary\">Mi trabajo<\/h2><h3 class=\"aux-modern-heading-secondary\"><span class=\"aux-head-highlight\">Mis credenciales incluyen:<\/span><\/h3><div class=\"aux-modern-heading-description\"><p>Un Doctorado en Ministerio en Terapia Matrimonial y Familiar y un M\u00e1ster en Ministerio.<\/p><p>Soy un autor aclamado y educador a trav\u00e9s de mis\u00a0obras como \"Amor Seguro\" y varios cursos en l\u00ednea.<\/p><p>Estos trabajos ampl\u00edan mi impacto terap\u00e9utico m\u00e1s all\u00e1 de las sesiones tradicionales, enriqueciendo globalmente los enfoques de la salud mental y la crianza.<\/p><\/div><\/div>\n        <\/section>\t\t<\/div>\n\t\t\t\t<\/div>\n\t\t\t\t\t<\/div>\n\t\t<\/div>\n\t\t\t\t\t<\/div>\n\t\t<\/section>\n\t\t\t\t\t<\/div>\n\t\t<\/div>\n\t\t\t\t\t<\/div>\n\t\t<\/section>\n\t\t\t\t<\/div>\n\t\t","protected":false},"excerpt":{"rendered":"<p>Sobre Efra\u00edn Duany, LMFT Recupera tu paz y felicidad con Dr. Efrain Duany, LMFT Liderando el bienestar hol\u00edstico Como fundador de ZODU, me dedico a promover el bienestar hol\u00edstico en las dimensiones f\u00edsica, emocional, social y espiritual. Mi compromiso con un modelo de bienestar integral garantiza que cada parte de nuestro servicio contribuya a nutrir [&hellip;]<\/p>\n","protected":false},"author":24,"featured_media":0,"parent":0,"menu_order":0,"comment_status":"closed","ping_status":"closed","template":"templates\/page-builder-content.php","meta":{"_exactmetrics_skip_tracking":false,"_exactmetrics_sitenote_active":false,"_exactmetrics_sitenote_note":"","_exactmetrics_sitenote_category":0},"yst_prominent_words":[584,575,365],"_links":{"self":[{"href":"https:\/\/drduany.org\/es\/wp-json\/wp\/v2\/pages\/23692"}],"collection":[{"href":"https:\/\/drduany.org\/es\/wp-json\/wp\/v2\/pages"}],"about":[{"href":"https:\/\/drduany.org\/es\/wp-json\/wp\/v2\/types\/page"}],"author":[{"embeddable":true,"href":"https:\/\/drduany.org\/es\/wp-json\/wp\/v2\/users\/24"}],"replies":[{"embeddable":true,"href":"https:\/\/drduany.org\/es\/wp-json\/wp\/v2\/comments?post=23692"}],"version-history":[{"count":7,"href":"https:\/\/drduany.org\/es\/wp-json\/wp\/v2\/pages\/23692\/revisions"}],"predecessor-version":[{"id":24151,"href":"https:\/\/drduany.org\/es\/wp-json\/wp\/v2\/pages\/23692\/revisions\/24151"}],"wp:attachment":[{"href":"https:\/\/drduany.org\/es\/wp-json\/wp\/v2\/media?parent=23692"}],"wp:term":[{"taxonomy":"yst_prominent_words","embeddable":true,"href":"https:\/\/drduany.org\/es\/wp-json\/wp\/v2\/yst_prominent_words?post=23692"}],"curies":[{"name":"wp","href":"https:\/\/api.w.org\/{rel}","templated":true}]}}