{"id":23690,"date":"2024-07-14T17:18:28","date_gmt":"2024-07-14T22:18:28","guid":{"rendered":"https:\/\/drduany.org\/acerca-de-dr-duany-llc\/"},"modified":"2024-08-08T07:28:30","modified_gmt":"2024-08-08T12:28:30","slug":"sobre-dr-duany-llc","status":"publish","type":"page","link":"https:\/\/drduany.org\/es\/sobre-dr-duany-llc\/","title":{"rendered":"Sobre Dr. Duany, LLC"},"content":{"rendered":"\t\t<div data-elementor-type=\"wp-page\" data-elementor-id=\"23690\" class=\"elementor elementor-23690 elementor-23537\">\n\t\t\t\t\t\t<section class=\"elementor-section elementor-top-section elementor-element elementor-element-d690327 elementor-section-full_width elementor-section-stretched elementor-section-height-default elementor-section-height-default\" data-id=\"d690327\" data-element_type=\"section\" data-settings=\"{&quot;background_background&quot;:&quot;classic&quot;,&quot;stretch_section&quot;:&quot;section-stretched&quot;}\">\n\t\t\t\t\t\t\t<div class=\"elementor-background-overlay\"><\/div>\n\t\t\t\t\t\t\t<div class=\"elementor-container elementor-column-gap-no\">\n\t\t\t\t\t<div class=\"aux-parallax-section elementor-column elementor-col-100 elementor-top-column elementor-element elementor-element-8fe4947\" data-id=\"8fe4947\" data-element_type=\"column\">\n\t\t\t<div class=\"elementor-widget-wrap elementor-element-populated\">\n\t\t\t\t\t\t<div class=\"elementor-element elementor-element-04628f4 elementor-widget elementor-widget-spacer\" data-id=\"04628f4\" data-element_type=\"widget\" data-widget_type=\"spacer.default\">\n\t\t\t\t<div class=\"elementor-widget-container\">\n\t\t\t<style>\/*! elementor - v3.23.0 - 05-08-2024 *\/\n.elementor-column .elementor-spacer-inner{height:var(--spacer-size)}.e-con{--container-widget-width:100%}.e-con-inner>.elementor-widget-spacer,.e-con>.elementor-widget-spacer{width:var(--container-widget-width,var(--spacer-size));--align-self:var(--container-widget-align-self,initial);--flex-shrink:0}.e-con-inner>.elementor-widget-spacer>.elementor-widget-container,.e-con>.elementor-widget-spacer>.elementor-widget-container{height:100%;width:100%}.e-con-inner>.elementor-widget-spacer>.elementor-widget-container>.elementor-spacer,.e-con>.elementor-widget-spacer>.elementor-widget-container>.elementor-spacer{height:100%}.e-con-inner>.elementor-widget-spacer>.elementor-widget-container>.elementor-spacer>.elementor-spacer-inner,.e-con>.elementor-widget-spacer>.elementor-widget-container>.elementor-spacer>.elementor-spacer-inner{height:var(--container-widget-height,var(--spacer-size))}.e-con-inner>.elementor-widget-spacer.elementor-widget-empty,.e-con>.elementor-widget-spacer.elementor-widget-empty{position:relative;min-height:22px;min-width:22px}.e-con-inner>.elementor-widget-spacer.elementor-widget-empty .elementor-widget-empty-icon,.e-con>.elementor-widget-spacer.elementor-widget-empty .elementor-widget-empty-icon{position:absolute;top:0;bottom:0;left:0;right:0;margin:auto;padding:0;width:22px;height:22px}<\/style>\t\t<div class=\"elementor-spacer\">\n\t\t\t<div class=\"elementor-spacer-inner\"><\/div>\n\t\t<\/div>\n\t\t\t\t<\/div>\n\t\t\t\t<\/div>\n\t\t\t\t<div class=\"elementor-element elementor-element-cc4f1d2 elementor-widget elementor-widget-aux_modern_heading\" data-id=\"cc4f1d2\" data-element_type=\"widget\" data-widget_type=\"aux_modern_heading.default\">\n\t\t\t\t<div class=\"elementor-widget-container\">\n\t\t\t<section class=\"aux-widget-modern-heading\">\n            <div class=\"aux-widget-inner\"><h1 class=\"aux-modern-heading-primary\">Sobre Dr. Duany, LLC<\/h1><\/div>\n        <\/section>\t\t<\/div>\n\t\t\t\t<\/div>\n\t\t\t\t<div class=\"aux-scroll-anim elementor-element elementor-element-d774152 aux-shpe-type-rectangle elementor-widget__width-auto elementor-widget elementor-widget-aux_simple_shape\" data-move-in=\"moveHorizontal\" data-move-out=\"moveHorizontal\" data-axis-x=\"20\" data-id=\"d774152\" data-element_type=\"widget\" data-widget_type=\"aux_simple_shape.default\">\n\t\t\t\t<div class=\"elementor-widget-container\">\n\t\t\t    <div class=\"aux-widget-container aux-simple-shape-container\">\n        <div class=\"aux-widget-container-inner\">\n            <div class=\"aux-the-shape\"><\/div>\n        <\/div>\n    <\/div>\n    \t\t<\/div>\n\t\t\t\t<\/div>\n\t\t\t\t\t<\/div>\n\t\t<\/div>\n\t\t\t\t\t<\/div>\n\t\t<\/section>\n\t\t\t\t<section class=\"elementor-section elementor-top-section elementor-element elementor-element-053e157 elementor-reverse-tablet elementor-reverse-mobile elementor-section-boxed elementor-section-height-default elementor-section-height-default\" data-id=\"053e157\" data-element_type=\"section\">\n\t\t\t\t\t\t<div class=\"elementor-container elementor-column-gap-no\">\n\t\t\t\t\t<div class=\"aux-parallax-section elementor-column elementor-col-50 elementor-top-column elementor-element elementor-element-e38379f\" data-id=\"e38379f\" data-element_type=\"column\">\n\t\t\t<div class=\"elementor-widget-wrap elementor-element-populated\">\n\t\t\t\t\t\t<div class=\"elementor-element elementor-element-90fad6e elementor-widget elementor-widget-aux_modern_heading\" data-id=\"90fad6e\" data-element_type=\"widget\" data-widget_type=\"aux_modern_heading.default\">\n\t\t\t\t<div class=\"elementor-widget-container\">\n\t\t\t<section class=\"aux-widget-modern-heading\">\n            <div class=\"aux-widget-inner\"><h2 class=\"aux-modern-heading-primary\"><\/h2><h3 class=\"aux-modern-heading-secondary\"><span class=\"aux-head-before\">Recupera la paz y la felicidad con terapia<br><\/span><span class=\"aux-head-highlight\">Un Santuario para la Sanaci\u00f3n y el Crecimiento<\/span><\/h3><div class=\"aux-modern-heading-divider\"><\/div><\/div>\n        <\/section>\t\t<\/div>\n\t\t\t\t<\/div>\n\t\t\t\t<div class=\"elementor-element elementor-element-fa5c8b1 elementor-widget elementor-widget-aux_modern_heading\" data-id=\"fa5c8b1\" data-element_type=\"widget\" data-widget_type=\"aux_modern_heading.default\">\n\t\t\t\t<div class=\"elementor-widget-container\">\n\t\t\t<section class=\"aux-widget-modern-heading\">\n            <div class=\"aux-widget-inner\"><h5 class=\"aux-modern-heading-primary\"><\/h5><div class=\"aux-modern-heading-description\"><p>Entra en Dr. Duany LLC y entra en un remanso de paz donde el estr\u00e9s y el ruido del mundo exterior se disuelven.<\/p>\n<p>Aqu\u00ed, la terapia es un viaje personalizado de autodescubrimiento y transformaci\u00f3n profunda, donde cada sesi\u00f3n es una exploraci\u00f3n colaborativa adaptada a tus necesidades individuales.<\/p>\n<p>Utilizando enfoques como la Terapia Cognitivo-Conductual, abordamos tus preocupaciones y mejoramos tus conexiones.<\/p>\n<\/div><\/div>\n        <\/section>\t\t<\/div>\n\t\t\t\t<\/div>\n\t\t\t\t\t<\/div>\n\t\t<\/div>\n\t\t\t\t<div class=\"aux-parallax-section elementor-column elementor-col-50 elementor-top-column elementor-element elementor-element-d16fa53\" data-id=\"d16fa53\" data-element_type=\"column\">\n\t\t\t<div class=\"elementor-widget-wrap elementor-element-populated\">\n\t\t\t\t\t\t<div class=\"elementor-element elementor-element-c726ed4 elementor-widget elementor-widget-aux_image\" data-id=\"c726ed4\" data-element_type=\"widget\" data-widget_type=\"aux_image.default\">\n\t\t\t\t<div class=\"elementor-widget-container\">\n\t\t\t<section class=\"widget-container aux-widget-image aux-alignnone aux-parent-au63d3cf28\">\n    <div class=\"aux-media-hint-frame \">\n        <div class=\"aux-media-image \" >\n        \n            \n\n            \n            <img fetchpriority=\"high\" decoding=\"async\" width=\"768\" height=\"768\" src=\"https:\/\/drduany.org\/wp-content\/uploads\/2023\/01\/36-768x768.jpg\" class=\"aux-attachment aux-featured-image aux-attachment-id-18601\" alt=\"36\" srcset=\"https:\/\/drduany.org\/wp-content\/uploads\/2023\/01\/36-150x150.jpg 150w,https:\/\/drduany.org\/wp-content\/uploads\/2023\/01\/36-300x300.jpg 300w,https:\/\/drduany.org\/wp-content\/uploads\/2023\/01\/36-768x768.jpg 768w,https:\/\/drduany.org\/wp-content\/uploads\/2023\/01\/36-1024x1024.jpg 1024w,https:\/\/drduany.org\/wp-content\/uploads\/2023\/01\/36-768x768.jpg 768w\" data-ratio=\"1\" data-original-w=\"2560\" sizes=\"(max-width:479px) 480px,(max-width:767px) 768px,(max-width:1023px) 1024px,768px\" \/>            \n                <\/div>\n    <\/div>\n\n<\/section><!-- widget-container -->\t\t<\/div>\n\t\t\t\t<\/div>\n\t\t\t\t\t<\/div>\n\t\t<\/div>\n\t\t\t\t\t<\/div>\n\t\t<\/section>\n\t\t\t\t<section class=\"elementor-section elementor-top-section elementor-element elementor-element-5ea1291 elementor-section-boxed elementor-section-height-default elementor-section-height-default\" data-id=\"5ea1291\" data-element_type=\"section\">\n\t\t\t\t\t\t<div class=\"elementor-container elementor-column-gap-no\">\n\t\t\t\t\t<div class=\"aux-parallax-section elementor-column elementor-col-100 elementor-top-column elementor-element elementor-element-fbed363\" data-id=\"fbed363\" data-element_type=\"column\">\n\t\t\t<div class=\"elementor-widget-wrap elementor-element-populated\">\n\t\t\t\t\t\t<div class=\"elementor-element elementor-element-fdebc4b aux-shpe-type-rectangle elementor-widget__width-auto elementor-invisible elementor-widget elementor-widget-aux_simple_shape\" data-id=\"fdebc4b\" data-element_type=\"widget\" data-settings=\"{&quot;_animation&quot;:&quot;slideInRight&quot;}\" data-widget_type=\"aux_simple_shape.default\">\n\t\t\t\t<div class=\"elementor-widget-container\">\n\t\t\t    <div class=\"aux-widget-container aux-simple-shape-container\">\n        <div class=\"aux-widget-container-inner\">\n            <div class=\"aux-the-shape\"><\/div>\n        <\/div>\n    <\/div>\n    \t\t<\/div>\n\t\t\t\t<\/div>\n\t\t\t\t<section class=\"elementor-section elementor-inner-section elementor-element elementor-element-552eaea elementor-section-content-middle elementor-section-boxed elementor-section-height-default elementor-section-height-default\" data-id=\"552eaea\" data-element_type=\"section\">\n\t\t\t\t\t\t<div class=\"elementor-container elementor-column-gap-no\">\n\t\t\t\t\t<div class=\"aux-parallax-section elementor-column elementor-col-100 elementor-inner-column elementor-element elementor-element-0255722\" data-id=\"0255722\" data-element_type=\"column\">\n\t\t\t<div class=\"elementor-widget-wrap elementor-element-populated\">\n\t\t\t\t\t\t<div class=\"elementor-element elementor-element-d885b3a elementor-widget elementor-widget-aux_modern_heading\" data-id=\"d885b3a\" data-element_type=\"widget\" data-widget_type=\"aux_modern_heading.default\">\n\t\t\t\t<div class=\"elementor-widget-container\">\n\t\t\t<section class=\"aux-widget-modern-heading\">\n            <div class=\"aux-widget-inner\"><h2 class=\"aux-modern-heading-primary\"><\/h2><h3 class=\"aux-modern-heading-secondary\"><span class=\"aux-head-highlight\">Apoyo profesional en cada paso<\/span><\/h3><div class=\"aux-modern-heading-divider\"><\/div><\/div>\n        <\/section>\t\t<\/div>\n\t\t\t\t<\/div>\n\t\t\t\t<div class=\"elementor-element elementor-element-0075c8e elementor-widget__width-initial elementor-widget elementor-widget-aux_modern_heading\" data-id=\"0075c8e\" data-element_type=\"widget\" data-widget_type=\"aux_modern_heading.default\">\n\t\t\t\t<div class=\"elementor-widget-container\">\n\t\t\t<section class=\"aux-widget-modern-heading\">\n            <div class=\"aux-widget-inner\"><h5 class=\"aux-modern-heading-primary\"><\/h5><div class=\"aux-modern-heading-description\"><p>Nuestro acogedor entorno cuenta con profesionales que aportan tanto su comprensi\u00f3n personal como sus conocimientos especializados a cada sesi\u00f3n, celebrando contigo cada\u00a0paso\u00a0adelante.<\/p><p>Fomentamos un espacio seguro en el que puedas hablar libremente y experimentar el profundo alivio y renovaci\u00f3n que supone ser comprendido y apoyado de verdad.<\/p><p>Nuestros m\u00e9todos terap\u00e9uticos integrados est\u00e1n dise\u00f1ados para ayudarte a redescubrir la alegr\u00eda, establecer relaciones duraderas y afrontar eficazmente los retos de la vida moderna.<\/p><\/div><\/div>\n        <\/section>\t\t<\/div>\n\t\t\t\t<\/div>\n\t\t\t\t\t<\/div>\n\t\t<\/div>\n\t\t\t\t\t<\/div>\n\t\t<\/section>\n\t\t\t\t<section class=\"elementor-section elementor-inner-section elementor-element elementor-element-6aea585 elementor-section-content-middle elementor-section-boxed elementor-section-height-default elementor-section-height-default\" data-id=\"6aea585\" data-element_type=\"section\">\n\t\t\t\t\t\t<div class=\"elementor-container elementor-column-gap-no\">\n\t\t\t\t\t<div class=\"aux-parallax-section elementor-column elementor-col-100 elementor-inner-column elementor-element elementor-element-b95fb24\" data-id=\"b95fb24\" data-element_type=\"column\">\n\t\t\t<div class=\"elementor-widget-wrap elementor-element-populated\">\n\t\t\t\t\t\t<div class=\"elementor-element elementor-element-73f4334 elementor-widget elementor-widget-aux_modern_heading\" data-id=\"73f4334\" data-element_type=\"widget\" data-widget_type=\"aux_modern_heading.default\">\n\t\t\t\t<div class=\"elementor-widget-container\">\n\t\t\t<section class=\"aux-widget-modern-heading\">\n            <div class=\"aux-widget-inner\"><h2 class=\"aux-modern-heading-primary\"><\/h2><h3 class=\"aux-modern-heading-secondary\"><span class=\"aux-head-highlight\">Una visi\u00f3n de la atenci\u00f3n integral a la persona<\/span><\/h3><div class=\"aux-modern-heading-divider\"><\/div><\/div>\n        <\/section>\t\t<\/div>\n\t\t\t\t<\/div>\n\t\t\t\t<div class=\"elementor-element elementor-element-23bf95d elementor-widget__width-initial elementor-widget elementor-widget-aux_modern_heading\" data-id=\"23bf95d\" data-element_type=\"widget\" data-widget_type=\"aux_modern_heading.default\">\n\t\t\t\t<div class=\"elementor-widget-container\">\n\t\t\t<section class=\"aux-widget-modern-heading\">\n            <div class=\"aux-widget-inner\"><h5 class=\"aux-modern-heading-primary\"><\/h5><div class=\"aux-modern-heading-description\"><p>Dr. Duany LLC es una parte orgullosa de ZODU Group Corp, una organizaci\u00f3n multifac\u00e9tica comprometida a proporcionar atenci\u00f3n hol\u00edstica que se ocupa de las necesidades f\u00edsicas, mentales y espirituales de las personas.<\/p>\n<p>Como componente integral de ZODU Group Corp, contribuimos a una estrategia de atenci\u00f3n integral que valora a cada persona como un todo.<\/p>\n<p>Este enfoque \u00fanico garantiza que nuestros clientes reciban apoyo psicol\u00f3gico y se beneficien de una red de servicios dise\u00f1ados para cuidar todos los aspectos de su bienestar.<\/p>\n<p>Al integrar nuestros esfuerzos con los del Grupo ZODU en general, ofrecemos una v\u00eda hacia la salud hol\u00edstica que es a la vez innovadora y profundamente atenta a las necesidades de aquellos a quienes servimos.<\/p>\n<\/div><\/div>\n        <\/section>\t\t<\/div>\n\t\t\t\t<\/div>\n\t\t\t\t\t<\/div>\n\t\t<\/div>\n\t\t\t\t\t<\/div>\n\t\t<\/section>\n\t\t\t\t<section class=\"elementor-section elementor-inner-section elementor-element elementor-element-467e526 elementor-section-content-middle elementor-section-boxed elementor-section-height-default elementor-section-height-default\" data-id=\"467e526\" data-element_type=\"section\">\n\t\t\t\t\t\t<div class=\"elementor-container elementor-column-gap-no\">\n\t\t\t\t\t<div class=\"aux-parallax-section elementor-column elementor-col-100 elementor-inner-column elementor-element elementor-element-0124c96\" data-id=\"0124c96\" data-element_type=\"column\">\n\t\t\t<div class=\"elementor-widget-wrap elementor-element-populated\">\n\t\t\t\t\t\t<div class=\"elementor-element elementor-element-5bbf803 elementor-widget elementor-widget-aux_modern_heading\" data-id=\"5bbf803\" data-element_type=\"widget\" data-widget_type=\"aux_modern_heading.default\">\n\t\t\t\t<div class=\"elementor-widget-container\">\n\t\t\t<section class=\"aux-widget-modern-heading\">\n            <div class=\"aux-widget-inner\"><h2 class=\"aux-modern-heading-primary\"><\/h2><h3 class=\"aux-modern-heading-secondary\"><span class=\"aux-head-highlight\">Tu viaje hacia el bienestar<\/span><\/h3><div class=\"aux-modern-heading-divider\"><\/div><\/div>\n        <\/section>\t\t<\/div>\n\t\t\t\t<\/div>\n\t\t\t\t<div class=\"elementor-element elementor-element-c75c433 elementor-widget__width-initial elementor-widget elementor-widget-aux_modern_heading\" data-id=\"c75c433\" data-element_type=\"widget\" data-widget_type=\"aux_modern_heading.default\">\n\t\t\t\t<div class=\"elementor-widget-container\">\n\t\t\t<section class=\"aux-widget-modern-heading\">\n            <div class=\"aux-widget-inner\"><h5 class=\"aux-modern-heading-primary\"><\/h5><div class=\"aux-modern-heading-description\"><p>Te invitamos a seguir explorando nuestro sitio para conocer las experiencias transformadoras que ofrecemos en Dr. Duany LLC.<\/p>\n<p>Tanto si buscas resiliencia frente a las presiones de la vida como conexiones m\u00e1s profundas con quienes te rodean, nuestro enfoque personalizado est\u00e1 dise\u00f1ado para satisfacer tus necesidades espec\u00edficas y ayudarte a lograr un cambio duradero.<\/p>\n<p>Ponte en contacto con nosotros <span style=\"color: #ff0000\"><a style=\"color: #ff0000\" href=\"tel:(407)%20559-7093\">(407) 559-7093<\/a><\/span> para programar tu primera sesi\u00f3n. En Dr. Duany LLC, no s\u00f3lo cambiamos vidas: las redefinimos.<\/p>\n<\/div><\/div>\n        <\/section>\t\t<\/div>\n\t\t\t\t<\/div>\n\t\t\t\t<div class=\"elementor-element elementor-element-b33389b elementor-widget__width-auto elementor-widget-mobile__width-inherit elementor-widget elementor-widget-aux_text\" data-id=\"b33389b\" data-element_type=\"widget\" data-widget_type=\"aux_text.default\">\n\t\t\t\t<div class=\"elementor-widget-container\">\n\t\t\t<section class=\"widget-container aux-widget-text aux-parent-aubcc6c594\">        <div class=\"aux-widget-advanced-text aux-wrap-style-simple aux-ico-pos-top aux-text-left aux-text-resp- aux-text-color-dark aux-text-widget-bg-center aux-text-no-content \" >\n        \n                            <div class=\"aux-text-widget-header \"  >\n                        <div class=\"aux-ico-box aux-ico-large aux-img-box aux-ico-shape-default aux-ico-clear \">\n                                                                <img decoding=\"async\" width=\"168\" height=\"50\" src=\"https:\/\/drduany.org\/wp-content\/uploads\/2020\/11\/logo-web2.png\" class=\"aux-attachment aux-featured-image aux-attachment-id-15303\" alt=\"logo-web2\" srcset=\"https:\/\/drduany.org\/wp-content\/uploads\/2020\/11\/logo-web2-150x50.png 150w,https:\/\/drduany.org\/wp-content\/uploads\/2020\/11\/logo-web2.png 168w\" data-ratio=\"1\" data-original-w=\"168\" \/>                                                    <\/div>\n                <\/div>\n            \n            <div class=\"aux-text-inner aux-text-widget-content\">\n                            <\/div>\n        <\/div>\n                    <div class=\"aux-text-widget-footer\">\n                <div class=\"aux-border-shape-none \">\n                                <\/div>\n            <\/div>\n        \n<\/section><!-- widget-container -->\t\t<\/div>\n\t\t\t\t<\/div>\n\t\t\t\t\t<\/div>\n\t\t<\/div>\n\t\t\t\t\t<\/div>\n\t\t<\/section>\n\t\t\t\t\t<\/div>\n\t\t<\/div>\n\t\t\t\t\t<\/div>\n\t\t<\/section>\n\t\t\t\t<\/div>\n\t\t","protected":false},"excerpt":{"rendered":"<p>Sobre Dr. Duany, LLC Recupera la paz y la felicidad con terapiaUn Santuario para la Sanaci\u00f3n y el Crecimiento Entra en Dr. Duany LLC y entra en un remanso de paz donde el estr\u00e9s y el ruido del mundo exterior se disuelven. Aqu\u00ed, la terapia es un viaje personalizado de autodescubrimiento y transformaci\u00f3n profunda, donde [&hellip;]<\/p>\n","protected":false},"author":24,"featured_media":0,"parent":0,"menu_order":0,"comment_status":"closed","ping_status":"closed","template":"templates\/page-builder-content.php","meta":{"_exactmetrics_skip_tracking":false,"_exactmetrics_sitenote_active":false,"_exactmetrics_sitenote_note":"","_exactmetrics_sitenote_category":0},"yst_prominent_words":[31,2367,279,4380,280,1113],"_links":{"self":[{"href":"https:\/\/drduany.org\/es\/wp-json\/wp\/v2\/pages\/23690"}],"collection":[{"href":"https:\/\/drduany.org\/es\/wp-json\/wp\/v2\/pages"}],"about":[{"href":"https:\/\/drduany.org\/es\/wp-json\/wp\/v2\/types\/page"}],"author":[{"embeddable":true,"href":"https:\/\/drduany.org\/es\/wp-json\/wp\/v2\/users\/24"}],"replies":[{"embeddable":true,"href":"https:\/\/drduany.org\/es\/wp-json\/wp\/v2\/comments?post=23690"}],"version-history":[{"count":8,"href":"https:\/\/drduany.org\/es\/wp-json\/wp\/v2\/pages\/23690\/revisions"}],"predecessor-version":[{"id":24148,"href":"https:\/\/drduany.org\/es\/wp-json\/wp\/v2\/pages\/23690\/revisions\/24148"}],"wp:attachment":[{"href":"https:\/\/drduany.org\/es\/wp-json\/wp\/v2\/media?parent=23690"}],"wp:term":[{"taxonomy":"yst_prominent_words","embeddable":true,"href":"https:\/\/drduany.org\/es\/wp-json\/wp\/v2\/yst_prominent_words?post=23690"}],"curies":[{"name":"wp","href":"https:\/\/api.w.org\/{rel}","templated":true}]}}